{"id":471,"date":"2021-04-17T21:29:10","date_gmt":"2021-04-17T21:29:10","guid":{"rendered":"https:\/\/mueblesjaigu.com\/?post_type=product&#038;p=471"},"modified":"2026-04-10T04:49:11","modified_gmt":"2026-04-10T04:49:11","slug":"nochero-moderno-de-3-cajones","status":"publish","type":"product","link":"https:\/\/mueblesjaigu.com\/index.php\/product\/nochero-moderno-de-3-cajones\/","title":{"rendered":"NOCHERO MODERNO DE 3 CAJONES"},"content":{"rendered":"<h2><strong><span style=\"vertical-align: inherit;\">NOCHERO MODERNO DE 3 CAJONES<\/span><\/strong><\/h2>\n<p>Nochero\u00a0 moderno de 3 cajones en madera maciza o\u00a0 se trabaja en la medida que lo necesite<\/p>\n<p><span style=\"vertical-align: inherit;\">Acabados en textura pulida en cedro, se trabaja en el tono que la elija<\/span><span style=\"vertical-align: inherit;\">\u00a0<\/span><\/p>\n<p><span style=\"vertical-align: inherit;\">Hecho a mano<\/span><\/p>\n<p><span style=\"vertical-align: inherit;\">Dise\u00f1o moderno<\/span><\/p>\n<p><span style=\"vertical-align: inherit;\">La fabricamos\u00a0 en roble o cedro\u00a0<\/span><\/p>\n<p><span style=\"vertical-align: inherit;\">Cuenta con una garant\u00eda de 5 a\u00f1os en: perdida de estabilidad del mueble, separaci\u00f3n en los pegues de madera.<\/span><\/p>\n<p><span style=\"vertical-align: inherit;\">todos nuestros productos \u00a0son elaborados en madera natural 100% real y s\u00f3lida; inmunizada y secada en horno.<\/span><\/p>\n<p><span style=\"vertical-align: inherit;\">Tiempo de entrega 15 d\u00edas<\/span><\/p>\n","protected":false},"excerpt":{"rendered":"<h2><strong><span style=\"vertical-align: inherit;\">NOCHERO MODERNO DE 3 CAJONES<\/span><\/strong><\/h2>\n<p>Nochero moderno de 3 cajones en madera maciza o\u00a0 se trabaja en la medida que lo necesite<\/p>\n<p><span style=\"vertical-align: inherit;\">Acabados en textura pulida en cedro, se trabaja en el tono que la elija<\/span><span style=\"vertical-align: inherit;\">\u00a0<\/span><\/p>\n<p><span style=\"vertical-align: inherit;\">Hecho a mano<\/span><\/p>\n<p><span style=\"vertical-align: inherit;\">Dise\u00f1o moderno<\/span><\/p>\n<p><span style=\"vertical-align: inherit;\">La fabricamos\u00a0 en roble o cedro\u00a0<\/span><\/p>\n<p><span style=\"vertical-align: inherit;\">Cuenta con una garant\u00eda de 5 a\u00f1os en: perdida de estabilidad del mueble, separaci\u00f3n en los pegues de madera.<\/span><\/p>\n<p><span style=\"vertical-align: inherit;\">todos nuestros productos \u00a0son elaborados en madera natural 100% real y s\u00f3lida; inmunizada y secada en horno.<\/span><\/p>\n<p><span style=\"vertical-align: inherit;\">Tiempo de entrega 15 d\u00edas<\/span><\/p>\n","protected":false},"featured_media":472,"comment_status":"open","ping_status":"closed","template":"","meta":{"om_disable_all_campaigns":false,"_monsterinsights_skip_tracking":false,"_monsterinsights_sitenote_active":false,"_monsterinsights_sitenote_note":"","_monsterinsights_sitenote_category":0},"class_list":{"0":"post-471","1":"product","2":"type-product","3":"status-publish","4":"has-post-thumbnail","5":"hentry","6":"product_cat-alcoba","8":"entry","9":"has-media","10":"owp-thumbs-layout-horizontal","11":"owp-btn-normal","12":"owp-tabs-layout-horizontal","13":"has-no-thumbnails","14":"has-product-nav"},"_links":{"self":[{"href":"https:\/\/mueblesjaigu.com\/index.php\/wp-json\/wp\/v2\/product\/471","targetHints":{"allow":["GET"]}}],"collection":[{"href":"https:\/\/mueblesjaigu.com\/index.php\/wp-json\/wp\/v2\/product"}],"about":[{"href":"https:\/\/mueblesjaigu.com\/index.php\/wp-json\/wp\/v2\/types\/product"}],"replies":[{"embeddable":true,"href":"https:\/\/mueblesjaigu.com\/index.php\/wp-json\/wp\/v2\/comments?post=471"}],"wp:featuredmedia":[{"embeddable":true,"href":"https:\/\/mueblesjaigu.com\/index.php\/wp-json\/wp\/v2\/media\/472"}],"wp:attachment":[{"href":"https:\/\/mueblesjaigu.com\/index.php\/wp-json\/wp\/v2\/media?parent=471"}],"curies":[{"name":"wp","href":"https:\/\/api.w.org\/{rel}","templated":true}]}}