{"id":464,"date":"2021-04-17T20:20:48","date_gmt":"2021-04-17T20:20:48","guid":{"rendered":"https:\/\/mueblesjaigu.com\/?post_type=product&#038;p=464"},"modified":"2026-01-01T10:26:51","modified_gmt":"2026-01-01T10:26:51","slug":"sofa-07a","status":"publish","type":"product","link":"https:\/\/mueblesjaigu.com\/index.php\/product\/sofa-07a\/","title":{"rendered":"SOFA 07A"},"content":{"rendered":"<h2><strong><span style=\"vertical-align: inherit;\">SOFA 07A<\/span><\/strong><\/h2>\n<p>Sof\u00e1 de 2 puestos en madera maciza o\u00a0 se trabaja en la medida que lo necesite<\/p>\n<p><span style=\"vertical-align: inherit;\">Acabados en textura rustica en cedro, se trabaja en el tono que la elija<\/span><\/p>\n<p><span style=\"vertical-align: inherit;\">El tapizado puede ser en telas o sint\u00e9ticos\u00a0\u00a0<\/span><\/p>\n<p><span style=\"vertical-align: inherit;\">Hecho a mano<\/span><\/p>\n<p><span style=\"vertical-align: inherit;\">Dise\u00f1o Rustico<\/span><\/p>\n<p><span style=\"vertical-align: inherit;\">La fabricamos\u00a0 en roble o cedro\u00a0<\/span><\/p>\n<p><span style=\"vertical-align: inherit;\">Cuenta con una garant\u00eda de 5 a\u00f1os en: perdida de estabilidad del mueble, separaci\u00f3n en los pegues de madera.<\/span><\/p>\n<p><span style=\"vertical-align: inherit;\">todos nuestros productos \u00a0son elaborados en madera natural 100% real y s\u00f3lida; inmunizada y secada en horno.<\/span><\/p>\n<p><span style=\"vertical-align: inherit;\">Tiempo de entrega 15 d\u00edas<\/span><\/p>\n","protected":false},"excerpt":{"rendered":"<h2><strong><span style=\"vertical-align: inherit;\">SOFA 07A<\/span><\/strong><\/h2>\n<p>Sof\u00e1 de 2 puestos en madera maciza o\u00a0 se trabaja en la medida que lo necesite<\/p>\n<p><span style=\"vertical-align: inherit;\">Acabados en textura rustica en cedro, se trabaja en el tono que la elija<\/span><\/p>\n<p><span style=\"vertical-align: inherit;\">El tapizado puede ser en telas o sint\u00e9ticos\u00a0\u00a0<\/span><\/p>\n<p><span style=\"vertical-align: inherit;\">Hecho a mano<\/span><\/p>\n<p><span style=\"vertical-align: inherit;\">Dise\u00f1o Rustico<\/span><\/p>\n<p><span style=\"vertical-align: inherit;\">La fabricamos\u00a0 en roble o cedro\u00a0<\/span><\/p>\n<p><span style=\"vertical-align: inherit;\">Cuenta con una garant\u00eda de 5 a\u00f1os en: perdida de estabilidad del mueble, separaci\u00f3n en los pegues de madera.<\/span><\/p>\n<p><span style=\"vertical-align: inherit;\">todos nuestros productos \u00a0son elaborados en madera natural 100% real y s\u00f3lida; inmunizada y secada en horno.<\/span><\/p>\n<p><span style=\"vertical-align: inherit;\">Tiempo de entrega 15 d\u00edas<\/span><\/p>\n","protected":false},"featured_media":465,"comment_status":"open","ping_status":"closed","template":"","meta":{"om_disable_all_campaigns":false,"_monsterinsights_skip_tracking":false,"_monsterinsights_sitenote_active":false,"_monsterinsights_sitenote_note":"","_monsterinsights_sitenote_category":0},"class_list":{"0":"post-464","1":"product","2":"type-product","3":"status-publish","4":"has-post-thumbnail","5":"hentry","6":"product_cat-sala","8":"entry","9":"has-media","10":"owp-thumbs-layout-horizontal","11":"owp-btn-normal","12":"owp-tabs-layout-horizontal","13":"has-no-thumbnails","14":"has-product-nav"},"_links":{"self":[{"href":"https:\/\/mueblesjaigu.com\/index.php\/wp-json\/wp\/v2\/product\/464","targetHints":{"allow":["GET"]}}],"collection":[{"href":"https:\/\/mueblesjaigu.com\/index.php\/wp-json\/wp\/v2\/product"}],"about":[{"href":"https:\/\/mueblesjaigu.com\/index.php\/wp-json\/wp\/v2\/types\/product"}],"replies":[{"embeddable":true,"href":"https:\/\/mueblesjaigu.com\/index.php\/wp-json\/wp\/v2\/comments?post=464"}],"wp:featuredmedia":[{"embeddable":true,"href":"https:\/\/mueblesjaigu.com\/index.php\/wp-json\/wp\/v2\/media\/465"}],"wp:attachment":[{"href":"https:\/\/mueblesjaigu.com\/index.php\/wp-json\/wp\/v2\/media?parent=464"}],"curies":[{"name":"wp","href":"https:\/\/api.w.org\/{rel}","templated":true}]}}