{"id":383,"date":"2021-04-10T20:28:42","date_gmt":"2021-04-10T20:28:42","guid":{"rendered":"https:\/\/mueblesjaigu.com\/?post_type=product&#038;p=383"},"modified":"2023-11-06T22:18:03","modified_gmt":"2023-11-06T22:18:03","slug":"camarote-semidoble-1-201001-90","status":"publish","type":"product","link":"https:\/\/mueblesjaigu.com\/index.php\/product\/camarote-semidoble-1-201001-90\/","title":{"rendered":"CAMAROTE SEMIDOBLE 1.20*100*1.90"},"content":{"rendered":"<h2><strong>CAMAROTE TABLON 1.20*100*1.90\u00a0<\/strong><\/h2>\n<p>camarote 1.20*100*1.90 con nido 100*1.80 en madera maciza,\u00a0 se trabaja en la medida que la necesite<\/p>\n<p>Acabados en textura rustica en cedro.<\/p>\n<p>Hecho a mano<\/p>\n<p>Dise\u00f1o rustico<\/p>\n<p>La fabricamos\u00a0 en roble o cedro<\/p>\n<p>Cuenta con una garant\u00eda de 5 a\u00f1os en: perdida de estabilidad del mueble, separaci\u00f3n en los pegues de madera.<\/p>\n<p>todos nuestros productos \u00a0son elaborados en madera natural 100% real y s\u00f3lida; inmunizada y secada en horno.<\/p>\n<p>Tiempo de entrega 15 d\u00edas<\/p>\n","protected":false},"excerpt":{"rendered":"<h2><strong>CAMAROTE TABLON 1.20*100*1.90\u00a0<\/strong><\/h2>\n<p>camarote 1.20*100*1.90 con nido 100*1.80 en madera maciza,\u00a0 se trabaja en la medida que la necesite<\/p>\n<p>Acabados en textura rustica en cedro.<\/p>\n<p>Hecho a mano<\/p>\n<p>Dise\u00f1o rustico<\/p>\n<p>La fabricamos\u00a0 en roble o cedro<\/p>\n<p>Cuenta con una garant\u00eda de 5 a\u00f1os en: perdida de estabilidad del mueble, separaci\u00f3n en los pegues de madera.<\/p>\n<p>todos nuestros productos \u00a0son elaborados en madera natural 100% real y s\u00f3lida; inmunizada y secada en horno.<\/p>\n<p>Tiempo de entrega 15 d\u00edas<\/p>\n","protected":false},"featured_media":386,"comment_status":"open","ping_status":"closed","template":"","meta":{"om_disable_all_campaigns":false,"_monsterinsights_skip_tracking":false,"_monsterinsights_sitenote_active":false,"_monsterinsights_sitenote_note":"","_monsterinsights_sitenote_category":0},"class_list":{"0":"post-383","1":"product","2":"type-product","3":"status-publish","4":"has-post-thumbnail","5":"hentry","6":"product_cat-camarotes-alcoba","8":"entry","9":"has-media","10":"owp-thumbs-layout-horizontal","11":"owp-btn-normal","12":"owp-tabs-layout-horizontal","13":"has-no-thumbnails","14":"has-product-nav"},"_links":{"self":[{"href":"https:\/\/mueblesjaigu.com\/index.php\/wp-json\/wp\/v2\/product\/383","targetHints":{"allow":["GET"]}}],"collection":[{"href":"https:\/\/mueblesjaigu.com\/index.php\/wp-json\/wp\/v2\/product"}],"about":[{"href":"https:\/\/mueblesjaigu.com\/index.php\/wp-json\/wp\/v2\/types\/product"}],"replies":[{"embeddable":true,"href":"https:\/\/mueblesjaigu.com\/index.php\/wp-json\/wp\/v2\/comments?post=383"}],"wp:featuredmedia":[{"embeddable":true,"href":"https:\/\/mueblesjaigu.com\/index.php\/wp-json\/wp\/v2\/media\/386"}],"wp:attachment":[{"href":"https:\/\/mueblesjaigu.com\/index.php\/wp-json\/wp\/v2\/media?parent=383"}],"curies":[{"name":"wp","href":"https:\/\/api.w.org\/{rel}","templated":true}]}}