{"id":374,"date":"2021-04-10T19:50:31","date_gmt":"2021-04-10T19:50:31","guid":{"rendered":"https:\/\/mueblesjaigu.com\/?post_type=product&#038;p=374"},"modified":"2021-04-10T19:59:43","modified_gmt":"2021-04-10T19:59:43","slug":"centro-de-entretenimiento","status":"publish","type":"product","link":"https:\/\/mueblesjaigu.com\/index.php\/product\/centro-de-entretenimiento\/","title":{"rendered":"CENTRO DE ENTRETENIMIENTO"},"content":{"rendered":"<h2><strong><span style=\"vertical-align: inherit;\">CENTRO DE ENTRETENIMIENTO\u00a0<\/span><\/strong><\/h2>\n<p>Su medida es 2.00 de Alto por 1.90 de ancho o se trabaja en la\u00a0 medida que lo necesite<\/p>\n<p><span style=\"vertical-align: inherit;\">Acabado en textura pulido en cedro, se trabaja en el tono que la elija<\/span><\/p>\n<p><span style=\"vertical-align: inherit;\">Hecho a mano<\/span><\/p>\n<p><span style=\"vertical-align: inherit;\">Dise\u00f1o Moderno\u00a0<\/span><\/p>\n<p><span style=\"vertical-align: inherit;\">La fabricamos\u00a0 en roble o cedro\u00a0<\/span><\/p>\n<p><span style=\"vertical-align: inherit;\">Cuenta con una garant\u00eda de 5 a\u00f1os en: perdida de estabilidad del mueble, separaci\u00f3n en los pegues de madera.<\/span><\/p>\n<p><span style=\"vertical-align: inherit;\">Tiempo de entrega 15 d\u00edas<\/span><\/p>\n","protected":false},"excerpt":{"rendered":"<h2><strong><span style=\"vertical-align: inherit;\">CENTRO DE ENTRETENIMIENTO\u00a0<\/span><\/strong><\/h2>\n<p>Su medida es 2.00 de Alto por 1.90 de ancho o se trabaja en la\u00a0 medida que lo necesite<\/p>\n<p><span style=\"vertical-align: inherit;\">Acabado en textura pulido en cedro, se trabaja en el tono que la elija<\/span><\/p>\n<p><span style=\"vertical-align: inherit;\">Hecho a mano<\/span><\/p>\n<p><span style=\"vertical-align: inherit;\">Dise\u00f1o Moderno\u00a0<\/span><\/p>\n<p><span style=\"vertical-align: inherit;\">La fabricamos\u00a0 en roble o cedro\u00a0<\/span><\/p>\n<p><span style=\"vertical-align: inherit;\">Cuenta con una garant\u00eda de 5 a\u00f1os en: perdida de estabilidad del mueble, separaci\u00f3n en los pegues de madera.<\/span><\/p>\n<p><span style=\"vertical-align: inherit;\"><span style=\"vertical-align: inherit;\"><span style=\"vertical-align: inherit;\">Tiempo de entrega 15 d\u00edas<\/span><\/span><\/span><\/p>\n","protected":false},"featured_media":376,"comment_status":"open","ping_status":"closed","template":"","meta":{"om_disable_all_campaigns":false,"_monsterinsights_skip_tracking":false,"_monsterinsights_sitenote_active":false,"_monsterinsights_sitenote_note":"","_monsterinsights_sitenote_category":0},"class_list":{"0":"post-374","1":"product","2":"type-product","3":"status-publish","4":"has-post-thumbnail","5":"hentry","6":"product_cat-centro-de-entretenimiento","7":"product_cat-salas","9":"entry","10":"has-media","11":"owp-thumbs-layout-horizontal","12":"owp-btn-normal","13":"owp-tabs-layout-horizontal","14":"has-no-thumbnails","15":"has-product-nav"},"_links":{"self":[{"href":"https:\/\/mueblesjaigu.com\/index.php\/wp-json\/wp\/v2\/product\/374","targetHints":{"allow":["GET"]}}],"collection":[{"href":"https:\/\/mueblesjaigu.com\/index.php\/wp-json\/wp\/v2\/product"}],"about":[{"href":"https:\/\/mueblesjaigu.com\/index.php\/wp-json\/wp\/v2\/types\/product"}],"replies":[{"embeddable":true,"href":"https:\/\/mueblesjaigu.com\/index.php\/wp-json\/wp\/v2\/comments?post=374"}],"wp:featuredmedia":[{"embeddable":true,"href":"https:\/\/mueblesjaigu.com\/index.php\/wp-json\/wp\/v2\/media\/376"}],"wp:attachment":[{"href":"https:\/\/mueblesjaigu.com\/index.php\/wp-json\/wp\/v2\/media?parent=374"}],"curies":[{"name":"wp","href":"https:\/\/api.w.org\/{rel}","templated":true}]}}