{"id":341,"date":"2021-04-09T17:37:21","date_gmt":"2021-04-09T17:37:21","guid":{"rendered":"https:\/\/mueblesjaigu.com\/?post_type=product&#038;p=341"},"modified":"2023-03-24T17:10:39","modified_gmt":"2023-03-24T17:10:39","slug":"cama-charlo","status":"publish","type":"product","link":"https:\/\/mueblesjaigu.com\/index.php\/product\/cama-charlo\/","title":{"rendered":"CAMA CHARLO"},"content":{"rendered":"<h2><strong>CAMA CHARLO<\/strong><\/h2>\n<p>cama en madera maciza en tablones, con piecera flotante,\u00a0 se trabaja en la medida que la necesite<\/p>\n<p>Acabados en textura pulida en roble natural o en color que nos elija.<\/p>\n<p>Hecho a mano<\/p>\n<p>Dise\u00f1o moderno<\/p>\n<p>La fabricamos\u00a0 en roble o cedro<\/p>\n<p>Cuenta con una garant\u00eda de 5 a\u00f1os en: perdida de estabilidad del mueble, separaci\u00f3n en los pegues de madera.<\/p>\n<p>todos nuestros productos \u00a0son elaborados en madera natural 100% real y s\u00f3lida; inmunizada y secada en horno.<\/p>\n<p>Tiempo de entrega 15 d\u00edas<\/p>\n","protected":false},"excerpt":{"rendered":"<h2><strong>CAMA CHARLO<\/strong><\/h2>\n<p>cama en madera maciza en tablones, con piecera flotante,\u00a0 se trabaja en la medida que la necesite<\/p>\n<p>Acabados en textura pulida en roble natural o en color que nos elija.<\/p>\n<p>Hecho a mano<\/p>\n<p>Dise\u00f1o moderno<\/p>\n<p>La fabricamos\u00a0 en roble o cedro<\/p>\n<p>Cuenta con una garant\u00eda de 5 a\u00f1os en: perdida de estabilidad del mueble, separaci\u00f3n en los pegues de madera.<\/p>\n<p>todos nuestros productos \u00a0son elaborados en madera natural 100% real y s\u00f3lida; inmunizada y secada en horno.<\/p>\n<p>Tiempo de entrega 15 d\u00edas<\/p>\n","protected":false},"featured_media":344,"comment_status":"open","ping_status":"closed","template":"","meta":{"om_disable_all_campaigns":false,"_monsterinsights_skip_tracking":false,"_monsterinsights_sitenote_active":false,"_monsterinsights_sitenote_note":"","_monsterinsights_sitenote_category":0},"class_list":{"0":"post-341","1":"product","2":"type-product","3":"status-publish","4":"has-post-thumbnail","5":"hentry","6":"product_cat-camas","7":"pa_madera-cedro","8":"pa_madera-roble","9":"pa_medida-1-0-x-190-mts","10":"pa_medida-1-20-x-1-90-mts","11":"pa_medida-1-40-x-1-90-mts","12":"pa_medida-1-60-x-1-90-mts","13":"pa_medida-2-00-x-2-00-mts","15":"entry","16":"has-media","17":"owp-thumbs-layout-horizontal","18":"owp-btn-normal","19":"owp-tabs-layout-horizontal","20":"has-no-thumbnails","21":"has-product-nav"},"_links":{"self":[{"href":"https:\/\/mueblesjaigu.com\/index.php\/wp-json\/wp\/v2\/product\/341","targetHints":{"allow":["GET"]}}],"collection":[{"href":"https:\/\/mueblesjaigu.com\/index.php\/wp-json\/wp\/v2\/product"}],"about":[{"href":"https:\/\/mueblesjaigu.com\/index.php\/wp-json\/wp\/v2\/types\/product"}],"replies":[{"embeddable":true,"href":"https:\/\/mueblesjaigu.com\/index.php\/wp-json\/wp\/v2\/comments?post=341"}],"wp:featuredmedia":[{"embeddable":true,"href":"https:\/\/mueblesjaigu.com\/index.php\/wp-json\/wp\/v2\/media\/344"}],"wp:attachment":[{"href":"https:\/\/mueblesjaigu.com\/index.php\/wp-json\/wp\/v2\/media?parent=341"}],"curies":[{"name":"wp","href":"https:\/\/api.w.org\/{rel}","templated":true}]}}